{"id":1453,"date":"2020-12-30T11:12:41","date_gmt":"2020-12-30T11:12:41","guid":{"rendered":"https:\/\/torrumbrellas.com\/de\/?page_id=1453"},"modified":"2025-05-03T14:45:16","modified_gmt":"2025-05-03T14:45:16","slug":"kontakt","status":"publish","type":"page","link":"https:\/\/torrumbrellas.com\/de\/kontakt\/","title":{"rendered":"Kontakt"},"content":{"rendered":"\t\t<div data-elementor-type=\"wp-page\" data-elementor-id=\"1453\" class=\"elementor elementor-1453\" data-elementor-post-type=\"page\">\n\t\t\t\t\t\t<section class=\"elementor-section elementor-top-section elementor-element elementor-element-0905058 elementor-section-boxed elementor-section-height-default elementor-section-height-default sc_fly_static\" data-id=\"0905058\" data-element_type=\"section\" data-e-type=\"section\">\n\t\t\t\t\t\t<div class=\"elementor-container elementor-column-gap-extended\">\n\t\t\t\t\t<div class=\"elementor-column elementor-col-100 elementor-top-column elementor-element elementor-element-54aa155 sc_inner_width_none sc_content_align_inherit sc_layouts_column_icons_position_left sc_fly_static\" data-id=\"54aa155\" data-element_type=\"column\" data-e-type=\"column\">\n\t\t\t<div class=\"elementor-widget-wrap elementor-element-populated\">\n\t\t\t\t\t\t\t<\/div>\n\t\t<\/div>\n\t\t\t\t\t<\/div>\n\t\t<\/section>\n\t\t\t\t<section class=\"elementor-section elementor-top-section elementor-element elementor-element-b35b84a elementor-section-stretched elementor-section-full_width elementor-section-height-default elementor-section-height-default sc_fly_static\" data-id=\"b35b84a\" data-element_type=\"section\" data-e-type=\"section\" data-settings=\"{&quot;stretch_section&quot;:&quot;section-stretched&quot;}\">\n\t\t\t\t\t\t<div class=\"elementor-container elementor-column-gap-no\">\n\t\t\t\t\t<div class=\"elementor-column elementor-col-100 elementor-top-column elementor-element elementor-element-d92b45a sc_inner_width_none sc_content_align_inherit sc_layouts_column_icons_position_left sc_fly_static\" data-id=\"d92b45a\" data-element_type=\"column\" data-e-type=\"column\">\n\t\t\t<div class=\"elementor-widget-wrap elementor-element-populated\">\n\t\t\t\t\t\t<div class=\"elementor-element elementor-element-71f15fc sc_fly_static elementor-widget elementor-widget-spacer\" data-id=\"71f15fc\" data-element_type=\"widget\" data-e-type=\"widget\" data-widget_type=\"spacer.default\">\n\t\t\t\t<div class=\"elementor-widget-container\">\n\t\t\t\t\t\t\t<div class=\"elementor-spacer\">\n\t\t\t<div class=\"elementor-spacer-inner\"><\/div>\n\t\t<\/div>\n\t\t\t\t\t\t<\/div>\n\t\t\t\t<\/div>\n\t\t\t\t<div class=\"elementor-element elementor-element-0a4c225 sc_fly_static elementor-widget elementor-widget-trx_sc_googlemap\" data-id=\"0a4c225\" data-element_type=\"widget\" data-e-type=\"widget\" data-widget_type=\"trx_sc_googlemap.default\">\n\t\t\t\t<div class=\"elementor-widget-container\">\n\t\t\t\t\t<div id=\"sc_googlemap_1333642906_wrap\" class=\"sc_googlemap_wrap\"><div id=\"sc_googlemap_1333642906\"\t\t\tclass=\"sc_item_content sc_map sc_googlemap sc_googlemap_default trx_addons_inline_660495474\"\n\t\t\t \t\t\tdata-zoom=\"12\"\n\t\t\tdata-center=\"\"\n\t\t\tdata-style=\"extra\"\n\t\t\tdata-cluster-icon=\"\"\n\t\t\t><iframe\n\t\t\t\t\t\tsrc=\"https:\/\/maps.google.com\/maps?t=m&output=embed&iwloc=near&z=12&q=51.7943154%2C5.6431517\"\n\t\t\t\t\t\taria-label=\"\"><\/iframe><\/div><\/div>\t\t\t\t<\/div>\n\t\t\t\t<\/div>\n\t\t\t\t\t<\/div>\n\t\t<\/div>\n\t\t\t\t\t<\/div>\n\t\t<\/section>\n\t\t\t\t<section class=\"elementor-section elementor-top-section elementor-element elementor-element-21007b6 elementor-section-boxed elementor-section-height-default elementor-section-height-default sc_fly_static\" data-id=\"21007b6\" data-element_type=\"section\" data-e-type=\"section\">\n\t\t\t\t\t\t\t<div class=\"elementor-background-overlay\"><\/div>\n\t\t\t\t\t\t\t<div class=\"elementor-container elementor-column-gap-extended\">\n\t\t\t\t\t<div class=\"elementor-column elementor-col-100 elementor-top-column elementor-element elementor-element-cfe325e sc_inner_width_none sc_content_align_inherit sc_layouts_column_icons_position_left sc_fly_static\" data-id=\"cfe325e\" data-element_type=\"column\" data-e-type=\"column\">\n\t\t\t<div class=\"elementor-widget-wrap elementor-element-populated\">\n\t\t\t\t\t\t<div class=\"elementor-element elementor-element-d8209a2 sc_height_huge sc_fly_static elementor-widget elementor-widget-spacer\" data-id=\"d8209a2\" data-element_type=\"widget\" data-e-type=\"widget\" data-widget_type=\"spacer.default\">\n\t\t\t\t<div class=\"elementor-widget-container\">\n\t\t\t\t\t\t\t<div class=\"elementor-spacer\">\n\t\t\t<div class=\"elementor-spacer-inner\"><\/div>\n\t\t<\/div>\n\t\t\t\t\t\t<\/div>\n\t\t\t\t<\/div>\n\t\t\t\t<section class=\"elementor-section elementor-inner-section elementor-element elementor-element-154b1c3 elementor-section-boxed elementor-section-height-default elementor-section-height-default sc_fly_static\" data-id=\"154b1c3\" data-element_type=\"section\" data-e-type=\"section\">\n\t\t\t\t\t\t<div class=\"elementor-container elementor-column-gap-no\">\n\t\t\t\t\t<div class=\"elementor-column elementor-col-33 elementor-inner-column elementor-element elementor-element-2f48f13 sc_inner_width_none sc_content_align_inherit sc_layouts_column_icons_position_left sc_fly_static\" data-id=\"2f48f13\" data-element_type=\"column\" data-e-type=\"column\">\n\t\t\t<div class=\"elementor-widget-wrap elementor-element-populated\">\n\t\t\t\t\t\t<div class=\"elementor-element elementor-element-9a9945c sc_layouts_hide_on_mobile sc_fly_static elementor-widget elementor-widget-spacer\" data-id=\"9a9945c\" data-element_type=\"widget\" data-e-type=\"widget\" data-widget_type=\"spacer.default\">\n\t\t\t\t<div class=\"elementor-widget-container\">\n\t\t\t\t\t\t\t<div class=\"elementor-spacer\">\n\t\t\t<div class=\"elementor-spacer-inner\"><\/div>\n\t\t<\/div>\n\t\t\t\t\t\t<\/div>\n\t\t\t\t<\/div>\n\t\t\t\t<div class=\"elementor-element elementor-element-a82c94e sc_fly_static elementor-widget elementor-widget-trx_sc_title\" data-id=\"a82c94e\" data-element_type=\"widget\" data-e-type=\"widget\" data-widget_type=\"trx_sc_title.default\">\n\t\t\t\t<div class=\"elementor-widget-container\">\n\t\t\t\t\t<div\t\tclass=\"sc_title sc_title_default\" ><h4 class=\"sc_item_title sc_title_title sc_item_title_style_default sc_item_title_tag\"\n\t\t\t><span class=\"sc_item_title_text\">Kontakt Details<\/span><\/h4><\/div>\t\t\t\t<\/div>\n\t\t\t\t<\/div>\n\t\t\t\t<div class=\"elementor-element elementor-element-0594ee0 sc_fly_static elementor-widget elementor-widget-spacer\" data-id=\"0594ee0\" data-element_type=\"widget\" data-e-type=\"widget\" data-widget_type=\"spacer.default\">\n\t\t\t\t<div class=\"elementor-widget-container\">\n\t\t\t\t\t\t\t<div class=\"elementor-spacer\">\n\t\t\t<div class=\"elementor-spacer-inner\"><\/div>\n\t\t<\/div>\n\t\t\t\t\t\t<\/div>\n\t\t\t\t<\/div>\n\t\t\t\t<div class=\"elementor-element elementor-element-8278c1d sc_fly_static elementor-widget elementor-widget-trx_sc_icons\" data-id=\"8278c1d\" data-element_type=\"widget\" data-e-type=\"widget\" data-widget_type=\"trx_sc_icons.default\">\n\t\t\t\t<div class=\"elementor-widget-container\">\n\t\t\t\t\t<div \tclass=\"sc_icons sc_icons_simple sc_icons_size_small sc_align_none\" ><div class=\"sc_icons_item with_more\"><div class=\"sc_icons_item_details\"><div class=\"sc_icons_item_description\"><span>Umbrella Group B.V.<\/span><span>Korte Stukken 8<\/span><span>5371 MN Ravenstein<\/span><\/div><\/div><\/div><div class=\"sc_icons_item with_more\"><div class=\"sc_icons_item_details\"><div class=\"sc_icons_item_description\"><span><a href=\"mailto:info@torrumrellas.com\">info@torrumbrellas.com<\/a><\/span><\/div><\/div><\/div><div class=\"sc_icons_item sc_icons_item_linked with_more\"><div class=\"sc_icons_item_details\"><a href=\"tel:+31486715810\" class=\"sc_icons_item_more_link\">\n                        <span class=\"link_text\">+31 486 715 810<\/span><span class=\"link_icon\"><\/span>\n                        <\/a><a href=\"tel:+31486715810\"\n                        class=\"sc_icons_item_link\">\n                        <\/a><\/div><\/div><\/div><!-- \/.sc_icons -->\t\t\t\t<\/div>\n\t\t\t\t<\/div>\n\t\t\t\t\t<\/div>\n\t\t<\/div>\n\t\t\t\t<div class=\"elementor-column elementor-col-66 elementor-inner-column elementor-element elementor-element-6f51ef1 sc_inner_width_none sc_content_align_inherit sc_layouts_column_icons_position_left sc_fly_static\" data-id=\"6f51ef1\" data-element_type=\"column\" data-e-type=\"column\">\n\t\t\t<div class=\"elementor-widget-wrap elementor-element-populated\">\n\t\t\t\t\t\t<div class=\"elementor-element elementor-element-7317bac sc_fly_static elementor-widget elementor-widget-trx_sc_contact_form_7\" data-id=\"7317bac\" data-element_type=\"widget\" data-e-type=\"widget\" data-widget_type=\"trx_sc_contact_form_7.default\">\n\t\t\t\t<div class=\"elementor-widget-container\">\n\t\t\t\t\t\n<div class=\"wpcf7 no-js\" id=\"wpcf7-f5-o1\" lang=\"en-US\" dir=\"ltr\" data-wpcf7-id=\"5\">\n<div class=\"screen-reader-response\"><p role=\"status\" aria-live=\"polite\" aria-atomic=\"true\"><\/p> <ul><\/ul><\/div>\n<form action=\"\/de\/wp-json\/wp\/v2\/pages\/1453#wpcf7-f5-o1\" method=\"post\" class=\"wpcf7-form init\" aria-label=\"Contact form\" novalidate=\"novalidate\" data-status=\"init\">\n<fieldset class=\"hidden-fields-container\"><input type=\"hidden\" name=\"_wpcf7\" value=\"5\" \/><input type=\"hidden\" name=\"_wpcf7_version\" value=\"6.1.5\" \/><input type=\"hidden\" name=\"_wpcf7_locale\" value=\"en_US\" \/><input type=\"hidden\" name=\"_wpcf7_unit_tag\" value=\"wpcf7-f5-o1\" \/><input type=\"hidden\" name=\"_wpcf7_container_post\" value=\"0\" \/><input type=\"hidden\" name=\"_wpcf7_posted_data_hash\" value=\"\" \/>\n<\/fieldset>\n<div class=\"form-style-1\">\n\t<div class=\"columns_wrap\">\n\t\t<div class=\"column-1_2\">\n\t\t\t<p><span class=\"style-line icon-name\"><span class=\"wpcf7-form-control-wrap\" data-name=\"your-name\"><input size=\"40\" maxlength=\"400\" class=\"wpcf7-form-control wpcf7-text wpcf7-validates-as-required\" aria-required=\"true\" aria-invalid=\"false\" placeholder=\"Name\" value=\"\" type=\"text\" name=\"your-name\" \/><\/span><\/span>\n\t\t\t<\/p>\n\t\t<\/div>\n\t\t<div class=\"column-1_2\">\n\t\t\t<p><span class=\"style-line icon-email\"><span class=\"wpcf7-form-control-wrap\" data-name=\"your-email\"><input size=\"40\" maxlength=\"400\" class=\"wpcf7-form-control wpcf7-email wpcf7-validates-as-required wpcf7-text wpcf7-validates-as-email\" aria-required=\"true\" aria-invalid=\"false\" placeholder=\"E-Mail\" value=\"\" type=\"email\" name=\"your-email\" \/><\/span><\/span>\n\t\t\t<\/p>\n\t\t<\/div>\n\t<\/div>\n\t<div class=\"columns_wrap\">\n\t\t<div class=\"column-1_2\">\n\t\t\t<p><span class=\"style-line icon-phone\"><span class=\"wpcf7-form-control-wrap\" data-name=\"phone\"><input size=\"40\" maxlength=\"400\" class=\"wpcf7-form-control wpcf7-tel wpcf7-validates-as-required wpcf7-text wpcf7-validates-as-tel\" aria-required=\"true\" aria-invalid=\"false\" placeholder=\"Telefon\" value=\"\" type=\"tel\" name=\"phone\" \/><\/span><\/span>\n\t\t\t<\/p>\n\t\t<\/div>\n\t\t<div class=\"column-1_2\">\n\t\t\t<p><span class=\"style-line icon-subject\"><span class=\"wpcf7-form-control-wrap\" data-name=\"subject\"><input size=\"40\" maxlength=\"400\" class=\"wpcf7-form-control wpcf7-text wpcf7-validates-as-required\" aria-required=\"true\" aria-invalid=\"false\" placeholder=\"Worum geht es?\" value=\"\" type=\"text\" name=\"subject\" \/><\/span><\/span>\n\t\t\t<\/p>\n\t\t<\/div>\n\t<\/div>\n\t<div class=\"columns_wrap margin-bottom\">\n\t\t<div class=\"column-1_1\">\n\t\t\t<p><span class=\"style-line icon-textarea\"><span class=\"wpcf7-form-control-wrap\" data-name=\"your-message\"><textarea cols=\"40\" rows=\"10\" maxlength=\"2000\" class=\"wpcf7-form-control wpcf7-textarea wpcf7-validates-as-required\" aria-required=\"true\" aria-invalid=\"false\" placeholder=\"Wie k\u00f6nnen wir helfen?\" name=\"your-message\"><\/textarea><\/span><\/span>\n\t\t\t<\/p>\n\t\t<\/div>\n\t<\/div>\n\t<p><input class=\"wpcf7-form-control wpcf7-submit has-spinner\" type=\"submit\" value=\"Abschicken\" \/><span class=\"wpcf7-form-control-wrap\" data-name=\"acceptance\"><span class=\"wpcf7-form-control wpcf7-acceptance\"><span class=\"wpcf7-list-item\"><label><input type=\"checkbox\" name=\"acceptance\" value=\"1\" aria-invalid=\"false\" \/><span class=\"wpcf7-list-item-label\">Ich bin damit einverstanden, dass meine Daten <a href=\"\/datenschutzrichtlinien\/\">gesammelt und gespeichert werden<\/a>.<\/span><\/label><\/span><\/span><\/span><br \/>\n<div class=\"cf7-cf-turnstile\" style=\"margin-top: 0px; margin-bottom: -15px;\"> <div id=\"cf-turnstile-cf7-1502371761\" class=\"cf-turnstile\" data-sitekey=\"0x4AAAAAAALbcCVbdFZC97Dt\" data-theme=\"light\" data-language=\"en\" data-size=\"\" data-retry=\"auto\" data-retry-interval=\"1000\" data-refresh-expired=\"auto\" data-refresh-timeout=\"auto\" data-action=\"contact-form-7\" data-callback=\"turnstileCF7Callback\" data-appearance=\"always\"><\/div> <script>document.addEventListener(\"DOMContentLoaded\", function() { setTimeout(function(){ var e=document.getElementById(\"cf-turnstile-cf7-1502371761\"); if(e&&!e.innerHTML.trim()){turnstile.render(e, {sitekey:\"0x4AAAAAAALbcCVbdFZC97Dt\"});} }, 200); });<\/script> <br class=\"cf-turnstile-br cf-turnstile-br-cf7-1502371761\"> <style>#cf-turnstile-cf7-1502371761 { margin-left: -15px; }<\/style> <script>document.addEventListener(\"DOMContentLoaded\",function(){document.querySelectorAll('.wpcf7-form').forEach(function(e){e.addEventListener('submit',function(){if(document.getElementById('cf-turnstile-cf7-1502371761')){setTimeout(function(){turnstile.reset('#cf-turnstile-cf7-1502371761');},1000)}})})});<\/script> <\/div>\n\t<\/p>\n<\/div><div class=\"wpcf7-response-output\" aria-hidden=\"true\"><\/div>\n<\/form>\n<\/div>\n\t\t\t\t<\/div>\n\t\t\t\t<\/div>\n\t\t\t\t\t<\/div>\n\t\t<\/div>\n\t\t\t\t\t<\/div>\n\t\t<\/section>\n\t\t\t\t<div class=\"elementor-element elementor-element-4f3a0d9 sc_height_huge sc_fly_static elementor-widget elementor-widget-spacer\" data-id=\"4f3a0d9\" data-element_type=\"widget\" data-e-type=\"widget\" data-widget_type=\"spacer.default\">\n\t\t\t\t<div class=\"elementor-widget-container\">\n\t\t\t\t\t\t\t<div class=\"elementor-spacer\">\n\t\t\t<div class=\"elementor-spacer-inner\"><\/div>\n\t\t<\/div>\n\t\t\t\t\t\t<\/div>\n\t\t\t\t<\/div>\n\t\t\t\t\t<\/div>\n\t\t<\/div>\n\t\t\t\t\t<\/div>\n\t\t<\/section>\n\t\t\t\t<section class=\"elementor-section elementor-top-section elementor-element elementor-element-5136c919 scheme_default elementor-section-boxed elementor-section-height-default elementor-section-height-default sc_fly_static\" data-id=\"5136c919\" data-element_type=\"section\" data-e-type=\"section\" data-settings=\"{&quot;background_background&quot;:&quot;classic&quot;}\">\n\t\t\t\t\t\t<div class=\"elementor-container elementor-column-gap-extended\">\n\t\t\t\t\t<div class=\"elementor-column elementor-col-50 elementor-top-column elementor-element elementor-element-402c491c sc_inner_width_none sc_content_align_inherit sc_layouts_column_icons_position_left sc_fly_static\" data-id=\"402c491c\" data-element_type=\"column\" data-e-type=\"column\">\n\t\t\t<div class=\"elementor-widget-wrap elementor-element-populated\">\n\t\t\t\t\t\t<div class=\"elementor-element elementor-element-12fe1ce8 sc_fly_static elementor-widget elementor-widget-trx_sc_title\" data-id=\"12fe1ce8\" data-element_type=\"widget\" data-e-type=\"widget\" data-widget_type=\"trx_sc_title.default\">\n\t\t\t\t<div class=\"elementor-widget-container\">\n\t\t\t\t\t<div\t\tclass=\"sc_title sc_title_default\" ><h1 class=\"sc_item_title sc_title_title sc_item_title_style_default sc_item_title_tag\"\n\t\t\t><span class=\"sc_item_title_text\">FAQ<\/span><\/h1><\/div>\t\t\t\t<\/div>\n\t\t\t\t<\/div>\n\t\t\t\t\t<\/div>\n\t\t<\/div>\n\t\t\t\t<div class=\"elementor-column elementor-col-50 elementor-top-column elementor-element elementor-element-3f0c0291 sc_inner_width_none sc_content_align_inherit sc_layouts_column_icons_position_left sc_fly_static\" data-id=\"3f0c0291\" data-element_type=\"column\" data-e-type=\"column\">\n\t\t\t<div class=\"elementor-widget-wrap elementor-element-populated\">\n\t\t\t\t\t\t<div class=\"elementor-element elementor-element-34046078 sc_fly_static elementor-widget elementor-widget-toggle\" data-id=\"34046078\" data-element_type=\"widget\" data-e-type=\"widget\" data-widget_type=\"toggle.default\">\n\t\t\t\t<div class=\"elementor-widget-container\">\n\t\t\t\t\t\t\t<div class=\"elementor-toggle\">\n\t\t\t\t\t\t\t<div class=\"elementor-toggle-item\">\n\t\t\t\t\t<h5 id=\"elementor-tab-title-8721\" class=\"elementor-tab-title\" data-tab=\"1\" role=\"button\" aria-controls=\"elementor-tab-content-8721\" aria-expanded=\"false\">\n\t\t\t\t\t\t\t\t\t\t\t\t<span class=\"elementor-toggle-icon elementor-toggle-icon-right\" aria-hidden=\"true\">\n\t\t\t\t\t\t\t\t\t\t\t\t\t\t\t<span class=\"elementor-toggle-icon-closed\"><i class=\"fas fa-plus\"><\/i><\/span>\n\t\t\t\t\t\t\t\t<span class=\"elementor-toggle-icon-opened\"><i class=\"elementor-toggle-icon-opened fas fa-minus\"><\/i><\/span>\n\t\t\t\t\t\t\t\t\t\t\t\t\t<\/span>\n\t\t\t\t\t\t\t\t\t\t\t\t<a class=\"elementor-toggle-title\" tabindex=\"0\">Was unterscheidet den TORR von anderen Gro\u00dfschirmen?<\/a>\n\t\t\t\t\t<\/h5>\n\n\t\t\t\t\t<div id=\"elementor-tab-content-8721\" class=\"elementor-tab-content elementor-clearfix\" data-tab=\"1\" role=\"region\" aria-labelledby=\"elementor-tab-title-8721\"><p>Der TORR zeichnet sich durch sein sorgf\u00e4ltiges Design und seine hochwertige Konstruktion aus. Jede Komponente, einschlie\u00dflich der Teile, Formen und Extrusionen, wurde speziell f\u00fcr den TORR-Schirm entwickelt, um eine un\u00fcbertroffene Leistung zu gew\u00e4hrleisten. Die Verwendung von Materialien in Marinequalit\u00e4t, ein einzigartiges dreifach verriegelndes Aluminiumprofil und Drehgelenke aus rostfreiem Stahl tragen zu seiner au\u00dfergew\u00f6hnlichen St\u00e4rke und Haltbarkeit bei. Das Teleskopsystem erm\u00f6glicht das Schlie\u00dfen \u00fcber M\u00f6beln, und die federbelasteten Arme halten den Bezug straff. Mit diesen und weiteren Details bietet die TORR eine un\u00fcbertroffene Qualit\u00e4t.<\/p><\/div>\n\t\t\t\t<\/div>\n\t\t\t\t\t\t\t<div class=\"elementor-toggle-item\">\n\t\t\t\t\t<h5 id=\"elementor-tab-title-8722\" class=\"elementor-tab-title\" data-tab=\"2\" role=\"button\" aria-controls=\"elementor-tab-content-8722\" aria-expanded=\"false\">\n\t\t\t\t\t\t\t\t\t\t\t\t<span class=\"elementor-toggle-icon elementor-toggle-icon-right\" aria-hidden=\"true\">\n\t\t\t\t\t\t\t\t\t\t\t\t\t\t\t<span class=\"elementor-toggle-icon-closed\"><i class=\"fas fa-plus\"><\/i><\/span>\n\t\t\t\t\t\t\t\t<span class=\"elementor-toggle-icon-opened\"><i class=\"elementor-toggle-icon-opened fas fa-minus\"><\/i><\/span>\n\t\t\t\t\t\t\t\t\t\t\t\t\t<\/span>\n\t\t\t\t\t\t\t\t\t\t\t\t<a class=\"elementor-toggle-title\" tabindex=\"0\">Ist der TORR f\u00fcr die gewerbliche Nutzung geeignet?<\/a>\n\t\t\t\t\t<\/h5>\n\n\t\t\t\t\t<div id=\"elementor-tab-content-8722\" class=\"elementor-tab-content elementor-clearfix\" data-tab=\"2\" role=\"region\" aria-labelledby=\"elementor-tab-title-8722\"><p>Auf jeden Fall. Der TORR eignet sich perfekt f\u00fcr gr\u00f6\u00dfere, exponierte Bereiche wie K\u00fcstenregionen und Dachterrassen. Seine robuste Konstruktion und sein Design machen ihn zu einer idealen Wahl f\u00fcr verschiedene gewerbliche Bereiche, einschlie\u00dflich des Gastgewerbes. Egal, ob Sie Hotelbesitzer, Caf\u00e9-Betreiber oder in einer anderen Branche t\u00e4tig sind, der TORR bietet effizienten Schutz und ein elegantes Design, um Ihren Au\u00dfenbereich das ganze Jahr \u00fcber aufzuwerten.<\/p><\/div>\n\t\t\t\t<\/div>\n\t\t\t\t\t\t\t<div class=\"elementor-toggle-item\">\n\t\t\t\t\t<h5 id=\"elementor-tab-title-8723\" class=\"elementor-tab-title\" data-tab=\"3\" role=\"button\" aria-controls=\"elementor-tab-content-8723\" aria-expanded=\"false\">\n\t\t\t\t\t\t\t\t\t\t\t\t<span class=\"elementor-toggle-icon elementor-toggle-icon-right\" aria-hidden=\"true\">\n\t\t\t\t\t\t\t\t\t\t\t\t\t\t\t<span class=\"elementor-toggle-icon-closed\"><i class=\"fas fa-plus\"><\/i><\/span>\n\t\t\t\t\t\t\t\t<span class=\"elementor-toggle-icon-opened\"><i class=\"elementor-toggle-icon-opened fas fa-minus\"><\/i><\/span>\n\t\t\t\t\t\t\t\t\t\t\t\t\t<\/span>\n\t\t\t\t\t\t\t\t\t\t\t\t<a class=\"elementor-toggle-title\" tabindex=\"0\">Was macht den Rahmen des TORR so robust?<\/a>\n\t\t\t\t\t<\/h5>\n\n\t\t\t\t\t<div id=\"elementor-tab-content-8723\" class=\"elementor-tab-content elementor-clearfix\" data-tab=\"3\" role=\"region\" aria-labelledby=\"elementor-tab-title-8723\"><p>Der Rahmen wird standardm\u00e4\u00dfig mit einer 5-Jahres-Garantie geliefert. F\u00fcr gr\u00f6\u00dfere kommerzielle Projekte ist eine spezifische Pulverbeschichtung erh\u00e4ltlich, um Ihre individuelle Note zu betonen.<\/p><\/div>\n\t\t\t\t<\/div>\n\t\t\t\t\t\t\t<div class=\"elementor-toggle-item\">\n\t\t\t\t\t<h5 id=\"elementor-tab-title-8724\" class=\"elementor-tab-title\" data-tab=\"4\" role=\"button\" aria-controls=\"elementor-tab-content-8724\" aria-expanded=\"false\">\n\t\t\t\t\t\t\t\t\t\t\t\t<span class=\"elementor-toggle-icon elementor-toggle-icon-right\" aria-hidden=\"true\">\n\t\t\t\t\t\t\t\t\t\t\t\t\t\t\t<span class=\"elementor-toggle-icon-closed\"><i class=\"fas fa-plus\"><\/i><\/span>\n\t\t\t\t\t\t\t\t<span class=\"elementor-toggle-icon-opened\"><i class=\"elementor-toggle-icon-opened fas fa-minus\"><\/i><\/span>\n\t\t\t\t\t\t\t\t\t\t\t\t\t<\/span>\n\t\t\t\t\t\t\t\t\t\t\t\t<a class=\"elementor-toggle-title\" tabindex=\"0\">K\u00f6nnen Sie das Schirmdachsystem der TORR XL Schirme erkl\u00e4ren?<\/a>\n\t\t\t\t\t<\/h5>\n\n\t\t\t\t\t<div id=\"elementor-tab-content-8724\" class=\"elementor-tab-content elementor-clearfix\" data-tab=\"4\" role=\"region\" aria-labelledby=\"elementor-tab-title-8724\"><p>Die \u00fcber 5 m gro\u00dfen TORR XL-Sonnenschirme verf\u00fcgen \u00fcber ein revolution\u00e4res Schirmdachsystem. Bei diesem System werden einzelne dreieckige Abschnitte verwendet, die in das Profil der Rippe gleiten und einrasten. Diese Schirme werden von einem britischen Segelmacher unter Verwendung von Recasens RECacril\u00ae-Gewebe handgen\u00e4ht und bieten eine au\u00dfergew\u00f6hnliche Farbechtheit f\u00fcr 3 Jahre. Das einzigartige Design des Schirmdachsystems macht es stabiler, langanhaltend wasserdicht und weniger belastend f\u00fcr entlastet Material und N\u00e4hte Dar\u00fcber hinaus erm\u00f6glicht das sektionale Design den einfachen Austausch von Bauteilen, was die Lebensdauer deutlich verl\u00e4ngert und Kosten spart.<\/p><\/div>\n\t\t\t\t<\/div>\n\t\t\t\t\t\t\t\t<\/div>\n\t\t\t\t\t\t<\/div>\n\t\t\t\t<\/div>\n\t\t\t\t\t<\/div>\n\t\t<\/div>\n\t\t\t\t\t<\/div>\n\t\t<\/section>\n\t\t\t\t<\/div>\n\t\t","protected":false},"excerpt":{"rendered":"<p>Kontakt Details Umbrella Group B.V.Korte Stukken 85371 MN Ravensteininfo@torrumbrellas.com +31 486 715 810 Ich bin damit einverstanden, dass meine Daten gesammelt und gespeichert werden. FAQ Was unterscheidet den TORR von&hellip;<\/p>\n","protected":false},"author":1,"featured_media":0,"parent":0,"menu_order":0,"comment_status":"closed","ping_status":"closed","template":"","meta":{"footnotes":""},"class_list":["post-1453","page","type-page","status-publish","hentry"],"acf":[],"_links":{"self":[{"href":"https:\/\/torrumbrellas.com\/de\/wp-json\/wp\/v2\/pages\/1453","targetHints":{"allow":["GET"]}}],"collection":[{"href":"https:\/\/torrumbrellas.com\/de\/wp-json\/wp\/v2\/pages"}],"about":[{"href":"https:\/\/torrumbrellas.com\/de\/wp-json\/wp\/v2\/types\/page"}],"author":[{"embeddable":true,"href":"https:\/\/torrumbrellas.com\/de\/wp-json\/wp\/v2\/users\/1"}],"replies":[{"embeddable":true,"href":"https:\/\/torrumbrellas.com\/de\/wp-json\/wp\/v2\/comments?post=1453"}],"version-history":[{"count":58,"href":"https:\/\/torrumbrellas.com\/de\/wp-json\/wp\/v2\/pages\/1453\/revisions"}],"predecessor-version":[{"id":23776,"href":"https:\/\/torrumbrellas.com\/de\/wp-json\/wp\/v2\/pages\/1453\/revisions\/23776"}],"wp:attachment":[{"href":"https:\/\/torrumbrellas.com\/de\/wp-json\/wp\/v2\/media?parent=1453"}],"curies":[{"name":"wp","href":"https:\/\/api.w.org\/{rel}","templated":true}]}}