{"id":23738,"date":"2023-11-24T13:14:55","date_gmt":"2023-11-24T13:14:55","guid":{"rendered":"https:\/\/torrumbrellas.com\/de\/?page_id=23738"},"modified":"2023-11-24T13:14:55","modified_gmt":"2023-11-24T13:14:55","slug":"impressum","status":"publish","type":"page","link":"https:\/\/torrumbrellas.com\/de\/impressum\/","title":{"rendered":"Impressum"},"content":{"rendered":"<p><strong>Impressum<\/strong><\/p>\n<p><strong>Gesch\u00e4ftsadresse:<\/strong><\/p>\n<p>Umbrella Group B.V.<\/p>\n<p>Korte Stukken 8<\/p>\n<p>5371 MN Ravenstein<\/p>\n<p>Niederlande<\/p>\n<p><strong>Geschaftsf\u00fchrer<\/strong>: Rupert Bottomley<\/p>\n<p>Telefon: +31 486 715 811 E-Mail: info@torrumbrellas.de<\/p>\n<p>Eintragung im Handelsregister: Leeuwarden, Niederlande KVK-Nr. 85244155<\/p>\n<p>Umsatzsteuer-ID: NL863559232B01.<\/p>\n<p><strong>Hinweis gem\u00e4\u00df Online-Streitbeilegungs-Verordnung<\/strong><\/p>\n<p>Nach geltendem Recht sind wir verpflichtet, Verbraucher auf die Existenz der Europ\u00e4ischen Online-Streitbeilegungs-Plattform hinzuweisen, die f\u00fcr die Beilegung von Streitigkeiten genutzt werden kann, ohne dass ein Gericht eingeschaltet werden muss. F\u00fcr die Einrichtung der Plattform ist die Europ\u00e4ische Kommission zust\u00e4ndig. Die Europ\u00e4ische Online-Streitbeilegungs-Plattform ist hier zu finden: <a href=\"https:\/\/ec.europa.eu\/odr\" rel=\"nofollow noopener\" target=\"_blank\">https:\/\/ec.europa.eu\/odr.<\/a><\/p>\n<p>Wir weisen aber darauf hin, dass wir nicht bereit sind, uns am Streitbeilegungsverfahren im Rahmen der Europ\u00e4ischen Online-Streitbeilegungs-Plattform zu beteiligen.<\/p>\n<p><strong>Haftungshinweis \u2013 rechtliche Hinweise<\/strong><\/p>\n<p>Die kostenlosen und frei zug\u00e4nglichen Inhalte dieser Webseite wurden mit gr\u00f6\u00dftm\u00f6glicher Sorgfalt erstellt. Der Anbieter dieser Webseite \u00fcbernimmt jedoch keine Gew\u00e4hr f\u00fcr die Richtigkeit und Aktualit\u00e4t der bereitgestellten kostenlosen und frei zug\u00e4nglichen Ratgeber und Nachrichten. Namentlich gekennzeichnete Beitr\u00e4ge geben die Meinung des jeweiligen Autors und nicht immer die Meinung des Anbieters wieder. Allein durch den Aufruf der kostenlosen und frei zug\u00e4nglichen Inhalte kommt keinerlei Vertragsverh\u00e4ltnis zwischen dem Nutzer und dem Anbieter zustande. Inhalt und Struktur der Website der sind urheberrechtlich gesch\u00fctzt. Die Vervielf\u00e4ltigung, Bearbeitung, Verbreitung und jede Art der Verwertung au\u00dferhalb der Grenzen des Urheberrechtes bed\u00fcrfen der schriftlichen Zustimmung des jeweiligen Autors bzw. Erstellers. Downloads und Kopien dieser Seite sind nur f\u00fcr den<\/p>\n<p>privaten, nicht kommerziellen Gebrauch gestatte. Soweit die Inhalte auf dieser Seite nicht vom Betreiber erstellt wurden, werden die Urheberrechte Dritter beachtet. Insbesondere werden Inhalte Dritter als solche gekennzeichnet.<\/p>\n<p>Links zum dritten Teil zu externen Webseiten Dritter, auf deren Inhalte wir keinen Einfluss haben. Deshalb k\u00f6nnen wir f\u00fcr diese fremden Inhalte auch keine Gew\u00e4hr \u00fcbernehmen. F\u00fcr die Inhalte der verlinkten Seiten ist stets der jeweilige Anbieter oder Betreiber der Seiten verantwortlich.<\/p>\n","protected":false},"excerpt":{"rendered":"<p>Impressum Gesch\u00e4ftsadresse: Umbrella Group B.V. Korte Stukken 8 5371 MN Ravenstein Niederlande Geschaftsf\u00fchrer: Rupert Bottomley Telefon: +31 486 715 811 E-Mail: info@torrumbrellas.de Eintragung im Handelsregister: Leeuwarden, Niederlande KVK-Nr. 85244155 Umsatzsteuer-ID:&hellip;<\/p>\n","protected":false},"author":1,"featured_media":0,"parent":0,"menu_order":0,"comment_status":"closed","ping_status":"closed","template":"","meta":{"footnotes":""},"class_list":["post-23738","page","type-page","status-publish","hentry"],"acf":[],"_links":{"self":[{"href":"https:\/\/torrumbrellas.com\/de\/wp-json\/wp\/v2\/pages\/23738","targetHints":{"allow":["GET"]}}],"collection":[{"href":"https:\/\/torrumbrellas.com\/de\/wp-json\/wp\/v2\/pages"}],"about":[{"href":"https:\/\/torrumbrellas.com\/de\/wp-json\/wp\/v2\/types\/page"}],"author":[{"embeddable":true,"href":"https:\/\/torrumbrellas.com\/de\/wp-json\/wp\/v2\/users\/1"}],"replies":[{"embeddable":true,"href":"https:\/\/torrumbrellas.com\/de\/wp-json\/wp\/v2\/comments?post=23738"}],"version-history":[{"count":2,"href":"https:\/\/torrumbrellas.com\/de\/wp-json\/wp\/v2\/pages\/23738\/revisions"}],"predecessor-version":[{"id":23740,"href":"https:\/\/torrumbrellas.com\/de\/wp-json\/wp\/v2\/pages\/23738\/revisions\/23740"}],"wp:attachment":[{"href":"https:\/\/torrumbrellas.com\/de\/wp-json\/wp\/v2\/media?parent=23738"}],"curies":[{"name":"wp","href":"https:\/\/api.w.org\/{rel}","templated":true}]}}