{"id":3750,"date":"2020-12-26T12:53:00","date_gmt":"2020-12-26T12:53:00","guid":{"rendered":"https:\/\/torrumbrellas.com\/de\/?page_id=3750"},"modified":"2023-11-30T12:28:35","modified_gmt":"2023-11-30T12:28:35","slug":"ueber-uns","status":"publish","type":"page","link":"https:\/\/torrumbrellas.com\/de\/ueber-uns\/","title":{"rendered":"\u00dcber uns"},"content":{"rendered":"\t\t<div data-elementor-type=\"wp-page\" data-elementor-id=\"3750\" class=\"elementor elementor-3750\" data-elementor-post-type=\"page\">\n\t\t\t\t\t\t<section class=\"elementor-section elementor-top-section elementor-element elementor-element-00a2060 elementor-section-boxed elementor-section-height-default elementor-section-height-default sc_fly_static\" data-id=\"00a2060\" data-element_type=\"section\" data-e-type=\"section\">\n\t\t\t\t\t\t<div class=\"elementor-container elementor-column-gap-extended\">\n\t\t\t\t\t<div class=\"elementor-column elementor-col-100 elementor-top-column elementor-element elementor-element-5eb5aa5 sc_inner_width_none sc_content_align_inherit sc_layouts_column_icons_position_left sc_fly_static\" data-id=\"5eb5aa5\" data-element_type=\"column\" data-e-type=\"column\">\n\t\t\t<div class=\"elementor-widget-wrap elementor-element-populated\">\n\t\t\t\t\t\t<div class=\"elementor-element elementor-element-4bb6f3f sc_height_huge sc_fly_static elementor-widget elementor-widget-spacer\" data-id=\"4bb6f3f\" data-element_type=\"widget\" data-e-type=\"widget\" data-widget_type=\"spacer.default\">\n\t\t\t\t<div class=\"elementor-widget-container\">\n\t\t\t\t\t\t\t<div class=\"elementor-spacer\">\n\t\t\t<div class=\"elementor-spacer-inner\"><\/div>\n\t\t<\/div>\n\t\t\t\t\t\t<\/div>\n\t\t\t\t<\/div>\n\t\t\t\t\t<\/div>\n\t\t<\/div>\n\t\t\t\t\t<\/div>\n\t\t<\/section>\n\t\t\t\t<section class=\"elementor-section elementor-top-section elementor-element elementor-element-87ad44c elementor-section-boxed elementor-section-height-default elementor-section-height-default sc_fly_static\" data-id=\"87ad44c\" data-element_type=\"section\" data-e-type=\"section\">\n\t\t\t\t\t\t<div class=\"elementor-container elementor-column-gap-extended\">\n\t\t\t\t\t<div class=\"elementor-column elementor-col-100 elementor-top-column elementor-element elementor-element-ee5662e sc_inner_width_none sc_content_align_inherit sc_layouts_column_icons_position_left sc_fly_static\" data-id=\"ee5662e\" data-element_type=\"column\" data-e-type=\"column\">\n\t\t\t<div class=\"elementor-widget-wrap elementor-element-populated\">\n\t\t\t\t\t\t<div class=\"elementor-element elementor-element-41fd7bd sc_fly_static elementor-widget elementor-widget-spacer\" data-id=\"41fd7bd\" data-element_type=\"widget\" data-e-type=\"widget\" data-widget_type=\"spacer.default\">\n\t\t\t\t<div class=\"elementor-widget-container\">\n\t\t\t\t\t\t\t<div class=\"elementor-spacer\">\n\t\t\t<div class=\"elementor-spacer-inner\"><\/div>\n\t\t<\/div>\n\t\t\t\t\t\t<\/div>\n\t\t\t\t<\/div>\n\t\t\t\t<div class=\"elementor-element elementor-element-408ca82 sc_fly_static elementor-widget elementor-widget-heading\" data-id=\"408ca82\" data-element_type=\"widget\" data-e-type=\"widget\" data-widget_type=\"heading.default\">\n\t\t\t\t<div class=\"elementor-widget-container\">\n\t\t\t\t\t<h2 class=\"elementor-heading-title elementor-size-default\">\u00dcber uns<\/h2>\t\t\t\t<\/div>\n\t\t\t\t<\/div>\n\t\t\t\t<div class=\"elementor-element elementor-element-ab2ad79 sc_fly_static elementor-widget elementor-widget-spacer\" data-id=\"ab2ad79\" data-element_type=\"widget\" data-e-type=\"widget\" data-widget_type=\"spacer.default\">\n\t\t\t\t<div class=\"elementor-widget-container\">\n\t\t\t\t\t\t\t<div class=\"elementor-spacer\">\n\t\t\t<div class=\"elementor-spacer-inner\"><\/div>\n\t\t<\/div>\n\t\t\t\t\t\t<\/div>\n\t\t\t\t<\/div>\n\t\t\t\t<div class=\"elementor-element elementor-element-f5907bb sc_fly_static elementor-widget elementor-widget-text-editor\" data-id=\"f5907bb\" data-element_type=\"widget\" data-e-type=\"widget\" data-widget_type=\"text-editor.default\">\n\t\t\t\t<div class=\"elementor-widget-container\">\n\t\t\t\t\t\t\t\t\t<p><\/p>\n<p>Die gro\u00dfen TORR-Schirme werden im Vereinigten K\u00f6nigreich von Bambrella Ltd hergestellt; dem Designer und Hersteller der Bambrella-Sonnenschirmserie, die nach wie vor als die st\u00e4rksten Sonnenschirme in kommerzieller Qualit\u00e4t bekannt sind und mittlerweile weltweit erh\u00e4ltlich sind.<\/p>\n<p><\/p>\n<p>Bambrella Ltd.&nbsp; wurde 2008 vom ehemaligen Holzbootbauer Rupert Bottomley \u2013 Gr\u00fcnder und CEO der Woodstocks International Group \u2013 gegr\u00fcndet, wo er 1996 in Indonesien mit der Herstellung exquisiter Gartenm\u00f6bel und Sonnenschirme begann.<\/p>\n<p>Ruperts enormer Erfahrungsschatz, den er \u00fcber viele Jahre sammeln konnte, inspirierte ihn, die Marke TORR f\u00fcr gro\u00dfe kommerzielle Sonnenschirme zu entwerfen und zu designen. Bambrella nutzt einzigartige patentierte Designs und innovative Technologie, um Sonnenschirme von un\u00fcbertroffener Qualit\u00e4t zu produzieren. Alle Sonnenschirme werden in der Fabrik von Bambrella Ltd. in Gro\u00dfbritannien hergestellt und strengen Tests unterzogen, um eine \u00fcberragende und bislang un\u00fcbertroffene Qualit\u00e4t zu gew\u00e4hrleisten.<\/p>\n<p><\/p>\n<p><em><strong>Ein Wort von Rupert&#8230;<\/strong><\/em><\/p>\n<p><em>Nachdem ich jahrelang in verschiedenen Teilen Europas hergestellte gro\u00dfe Sonnenschirme weiterverkauft hatte, die sich allerdings nicht bew\u00e4hrt hatten und viele Probleme aufwiesen, wusste ich, dass wir einen gro\u00dfen Sonnenschirm herstellen k\u00f6nnen, der moderne Designs mit den besten Materialien vereint, die man in dieser Branche verwenden kann. Im Jahr 2019 begann ich mit dem Designprozess f\u00fcr die TORR-Reihe, der drei Jahre dauerte, um alle bei der Herstellung verwendeten Formen und Teile zu perfektionieren. Im Jahr 2022 haben wir unseren Produktionsbetrieb in Gro\u00dfbritannien erweitert und Ende 2022 waren die TORR-Sonnenschirme bereits in Serie.<\/em><\/p>\n<p><em>Bei Bambrella Ltd sind wir bestrebt, unsere Marken und Produktpaletten zu verbessern und zu erweitern. Als Hauptdesigner arbeite ich st\u00e4ndig an einer neuen Reihe von Sonnenschirmen, die eine nachhaltige, langlebige Schattenl\u00f6sung f\u00fcr alle Aspekte unseres Lebens bieten.<\/em><\/p>\n<p><em>Unsere Kunden k\u00f6nnen sicher sein, dass alle bei der Herstellung unserer Sonnenschirme verwendeten Materialien die besten auf dem Markt erh\u00e4ltlichen sind, da wir grunds\u00e4tzlich<\/em><\/p>\n<p><em>in Marinequalit\u00e4t fertigen. Wir entwerfen alle Sonnenschirme f\u00fcr die vielen unterschiedlichen Klimazonen und Bedingungen auf der ganzen Welt, dass Sie generell noch besser standhalten, als man es von ihnen erwarten kann.<\/em><\/p>\n<p><em>Ich m\u00f6chte Ihnen pers\u00f6nlich daf\u00fcr danken, dass Sie sich die Zeit genommen haben, mehr \u00fcber die gro\u00dfen Sonnenschirme der Marke TORR zu erfahren, und wir freuen uns auf eine baldige Zusammenarbeit mit Ihnen!<\/em><\/p>\n<p><\/p>\n<p>Rupert Bottomley,<\/p>\n<p>Direktor Bambrella\u00ae<\/p>\n<p><\/p>\n<p>Bei TORR Parasols ist es uns eine Leidenschaft, Au\u00dfenbereiche in Oasen voller Komfort und Stil zu verwandeln. Mit unserem Bekenntnis zu Qualit\u00e4t und Innovation pr\u00e4sentieren wir Ihnen den TORR Big Parasol, ein Meisterwerk der Outdoor-Beschattung. Unsere Mission ist simpel: Wir m\u00f6chten Ihnen die beste L\u00f6sung f\u00fcr Ihre Outdoor-Bedarfe bieten, egal ob Sie Hausbesitzer, Gesch\u00e4ftsinhaber oder Veranstaltungsplaner sind.<\/p>\n<p>Mit jahrelanger Erfahrung in der Entwicklung und Herstellung von Sonnenschirmen, die sich \u00fcber die Zeit bew\u00e4hren, haben wir uns zu einem Branchenf\u00fchrer entwickelt. Unsere Sonnenschirme werden mit Pr\u00e4zision hergestellt, wobei Materialien in Marinequalit\u00e4t und modernste Designs verwendet werden, um Haltbarkeit, St\u00e4rke und un\u00fcbertroffene Leistung zu gew\u00e4hrleisten.<\/p>\n<p>Wir wissen, dass jeder Au\u00dfenbereich einzigartig ist. Deshalb bieten wir eine Reihe von Optionen zur Individualisierung an. Integrierte LED-Beleuchtung und effiziente Heizsysteme sorgen daf\u00fcr, dass Ihr Sonnenschirm genau Ihren W\u00fcnschen angepasst ist.<\/p>\n<p>Erkunden Sie mit uns die Natur mit dem TORR Big Parasol und steigern Sie Ihr Outdoor-Erlebnis.<\/p>\n<p>Entdecken Sie die perfekte Mischung aus Form und Funktion, die Ihren Au\u00dfenbereich bei Regen oder Sonnenschein versch\u00f6nert. Willkommen bei TORR Parasols, wo Outdoor-Komfort und Stil aufeinandertreffen.<\/p>\t\t\t\t\t\t\t\t<\/div>\n\t\t\t\t<\/div>\n\t\t\t\t\t<\/div>\n\t\t<\/div>\n\t\t\t\t\t<\/div>\n\t\t<\/section>\n\t\t\t\t<section class=\"elementor-section elementor-top-section elementor-element elementor-element-d4ee679 scheme_default elementor-section-boxed elementor-section-height-default elementor-section-height-default sc_fly_static\" data-id=\"d4ee679\" data-element_type=\"section\" data-e-type=\"section\" data-settings=\"{&quot;background_background&quot;:&quot;classic&quot;}\">\n\t\t\t\t\t\t<div class=\"elementor-container elementor-column-gap-extended\">\n\t\t\t\t\t<div class=\"elementor-column elementor-col-100 elementor-top-column elementor-element elementor-element-8ce8161 sc_inner_width_none sc_content_align_inherit sc_layouts_column_icons_position_left sc_fly_static\" data-id=\"8ce8161\" data-element_type=\"column\" data-e-type=\"column\">\n\t\t\t<div class=\"elementor-widget-wrap elementor-element-populated\">\n\t\t\t\t\t\t\t<\/div>\n\t\t<\/div>\n\t\t\t\t\t<\/div>\n\t\t<\/section>\n\t\t\t\t<section class=\"elementor-section elementor-top-section elementor-element elementor-element-58099dc elementor-section-boxed elementor-section-height-default elementor-section-height-default sc_fly_static\" data-id=\"58099dc\" data-element_type=\"section\" data-e-type=\"section\">\n\t\t\t\t\t\t<div class=\"elementor-container elementor-column-gap-extended\">\n\t\t\t\t\t<div class=\"elementor-column elementor-col-100 elementor-top-column elementor-element elementor-element-f1f767a sc_inner_width_none sc_content_align_inherit sc_layouts_column_icons_position_left sc_fly_static\" data-id=\"f1f767a\" data-element_type=\"column\" data-e-type=\"column\">\n\t\t\t<div class=\"elementor-widget-wrap\">\n\t\t\t\t\t\t\t<\/div>\n\t\t<\/div>\n\t\t\t\t\t<\/div>\n\t\t<\/section>\n\t\t\t\t<\/div>\n\t\t","protected":false},"excerpt":{"rendered":"<p>\u00dcber uns Die gro\u00dfen TORR-Schirme werden im Vereinigten K\u00f6nigreich von Bambrella Ltd hergestellt; dem Designer und Hersteller der Bambrella-Sonnenschirmserie, die nach wie vor als die st\u00e4rksten Sonnenschirme in kommerzieller Qualit\u00e4t&hellip;<\/p>\n","protected":false},"author":1,"featured_media":0,"parent":0,"menu_order":0,"comment_status":"closed","ping_status":"closed","template":"","meta":{"footnotes":""},"class_list":["post-3750","page","type-page","status-publish","hentry"],"acf":[],"_links":{"self":[{"href":"https:\/\/torrumbrellas.com\/de\/wp-json\/wp\/v2\/pages\/3750","targetHints":{"allow":["GET"]}}],"collection":[{"href":"https:\/\/torrumbrellas.com\/de\/wp-json\/wp\/v2\/pages"}],"about":[{"href":"https:\/\/torrumbrellas.com\/de\/wp-json\/wp\/v2\/types\/page"}],"author":[{"embeddable":true,"href":"https:\/\/torrumbrellas.com\/de\/wp-json\/wp\/v2\/users\/1"}],"replies":[{"embeddable":true,"href":"https:\/\/torrumbrellas.com\/de\/wp-json\/wp\/v2\/comments?post=3750"}],"version-history":[{"count":115,"href":"https:\/\/torrumbrellas.com\/de\/wp-json\/wp\/v2\/pages\/3750\/revisions"}],"predecessor-version":[{"id":23747,"href":"https:\/\/torrumbrellas.com\/de\/wp-json\/wp\/v2\/pages\/3750\/revisions\/23747"}],"wp:attachment":[{"href":"https:\/\/torrumbrellas.com\/de\/wp-json\/wp\/v2\/media?parent=3750"}],"curies":[{"name":"wp","href":"https:\/\/api.w.org\/{rel}","templated":true}]}}