{"id":2331,"date":"2020-12-12T09:19:17","date_gmt":"2020-12-12T09:19:17","guid":{"rendered":"https:\/\/torrumbrellas.com\/pt\/shop\/"},"modified":"2023-11-23T15:40:51","modified_gmt":"2023-11-23T15:40:51","slug":"guarda-sois","status":"publish","type":"page","link":"https:\/\/torrumbrellas.com\/pt\/guarda-sois\/","title":{"rendered":"Guarda-s\u00f3is"},"content":{"rendered":"\t\t<div data-elementor-type=\"wp-page\" data-elementor-id=\"2331\" class=\"elementor elementor-2331\" data-elementor-post-type=\"page\">\n\t\t\t\t\t\t<section class=\"elementor-section elementor-top-section elementor-element elementor-element-514ed992 elementor-section-full_width elementor-section-height-default elementor-section-height-default sc_fly_static\" data-id=\"514ed992\" data-element_type=\"section\" data-e-type=\"section\">\n\t\t\t\t\t\t<div class=\"elementor-container elementor-column-gap-extended\">\n\t\t\t\t\t<div class=\"elementor-column elementor-col-100 elementor-top-column elementor-element elementor-element-1fdd766c sc_inner_width_none sc_content_align_inherit sc_layouts_column_icons_position_left sc_fly_static\" data-id=\"1fdd766c\" data-element_type=\"column\" data-e-type=\"column\">\n\t\t\t<div class=\"elementor-widget-wrap elementor-element-populated\">\n\t\t\t\t\t\t<div class=\"elementor-element elementor-element-2acc0d37 sc_fly_static elementor-widget elementor-widget-spacer\" data-id=\"2acc0d37\" data-element_type=\"widget\" data-e-type=\"widget\" data-widget_type=\"spacer.default\">\n\t\t\t\t<div class=\"elementor-widget-container\">\n\t\t\t\t\t\t\t<div class=\"elementor-spacer\">\n\t\t\t<div class=\"elementor-spacer-inner\"><\/div>\n\t\t<\/div>\n\t\t\t\t\t\t<\/div>\n\t\t\t\t<\/div>\n\t\t\t\t\t<\/div>\n\t\t<\/div>\n\t\t\t\t\t<\/div>\n\t\t<\/section>\n\t\t\t\t<section class=\"elementor-section elementor-top-section elementor-element elementor-element-1c1444b9 elementor-section-boxed elementor-section-height-default elementor-section-height-default sc_fly_static\" data-id=\"1c1444b9\" data-element_type=\"section\" data-e-type=\"section\">\n\t\t\t\t\t\t<div class=\"elementor-container elementor-column-gap-wide\">\n\t\t\t\t\t<div class=\"elementor-column elementor-col-50 elementor-top-column elementor-element elementor-element-9cb0ccc sc_inner_width_none sc_content_align_inherit sc_layouts_column_icons_position_left sc_fly_static\" data-id=\"9cb0ccc\" data-element_type=\"column\" data-e-type=\"column\">\n\t\t\t<div class=\"elementor-widget-wrap elementor-element-populated\">\n\t\t\t\t\t\t<div class=\"elementor-element elementor-element-20550bc8 sc_fly_static elementor-widget elementor-widget-image\" data-id=\"20550bc8\" data-element_type=\"widget\" data-e-type=\"widget\" data-widget_type=\"image.default\">\n\t\t\t\t<div class=\"elementor-widget-container\">\n\t\t\t\t\t\t\t\t\t\t\t\t\t\t\t\t<a href=\"https:\/\/torrumbrellas.com\/pt\/torr-x-guarda-sol-grande\/\">\n\t\t\t\t\t\t\t<img fetchpriority=\"high\" decoding=\"async\" width=\"1024\" height=\"682\" src=\"https:\/\/torrumbrellas.com\/pt\/wp-content\/uploads\/sites\/9\/2023\/11\/commercial_parasol_torr_x-1024x682.jpg\" class=\"attachment-large size-large wp-image-23399\" alt=\"\" srcset=\"https:\/\/torrumbrellas.com\/pt\/wp-content\/uploads\/sites\/9\/2023\/11\/commercial_parasol_torr_x-1024x682.jpg 1024w, https:\/\/torrumbrellas.com\/pt\/wp-content\/uploads\/sites\/9\/2023\/11\/commercial_parasol_torr_x-300x200.jpg 300w, https:\/\/torrumbrellas.com\/pt\/wp-content\/uploads\/sites\/9\/2023\/11\/commercial_parasol_torr_x-768x512.jpg 768w, https:\/\/torrumbrellas.com\/pt\/wp-content\/uploads\/sites\/9\/2023\/11\/commercial_parasol_torr_x-1536x1023.jpg 1536w, https:\/\/torrumbrellas.com\/pt\/wp-content\/uploads\/sites\/9\/2023\/11\/commercial_parasol_torr_x-370x247.jpg 370w, https:\/\/torrumbrellas.com\/pt\/wp-content\/uploads\/sites\/9\/2023\/11\/commercial_parasol_torr_x-840x560.jpg 840w, https:\/\/torrumbrellas.com\/pt\/wp-content\/uploads\/sites\/9\/2023\/11\/commercial_parasol_torr_x-410x273.jpg 410w, https:\/\/torrumbrellas.com\/pt\/wp-content\/uploads\/sites\/9\/2023\/11\/commercial_parasol_torr_x.jpg 1801w\" sizes=\"(max-width: 1024px) 100vw, 1024px\" \/>\t\t\t\t\t\t\t\t<\/a>\n\t\t\t\t\t\t\t\t\t\t\t\t\t\t\t<\/div>\n\t\t\t\t<\/div>\n\t\t\t\t<div class=\"elementor-element elementor-element-5751e011 sc_fly_static elementor-widget elementor-widget-heading\" data-id=\"5751e011\" data-element_type=\"widget\" data-e-type=\"widget\" data-widget_type=\"heading.default\">\n\t\t\t\t<div class=\"elementor-widget-container\">\n\t\t\t\t\t<h2 class=\"elementor-heading-title elementor-size-default\">TORR X<\/h2>\t\t\t\t<\/div>\n\t\t\t\t<\/div>\n\t\t\t\t<div class=\"elementor-element elementor-element-4a47f569 sc_fly_static elementor-widget elementor-widget-text-editor\" data-id=\"4a47f569\" data-element_type=\"widget\" data-e-type=\"widget\" data-widget_type=\"text-editor.default\">\n\t\t\t\t<div class=\"elementor-widget-container\">\n\t\t\t\t\t\t\t\t\t<p>O TORR X \u00e9 o nosso guarda-sol de grande porte e com um bra\u00e7o robusto que garante um investimento rent\u00e1vel durante muitos anos. Com um design cl\u00e1ssico, sofisticado e de linhas simples, este \u00e9 o acompanhamento perfeito para a sua \u00e1rea exterior.<\/p>\t\t\t\t\t\t\t\t<\/div>\n\t\t\t\t<\/div>\n\t\t\t\t<div class=\"elementor-element elementor-element-4bc56637 sc_fly_static elementor-widget elementor-widget-text-editor\" data-id=\"4bc56637\" data-element_type=\"widget\" data-e-type=\"widget\" data-widget_type=\"text-editor.default\">\n\t\t\t\t<div class=\"elementor-widget-container\">\n\t\t\t\t\t\t\t\t\t<table class=\"ce-table stack \"><tbody><tr><td>Tamanhos:<\/td><td>De 3,0 m a 5,0 m<\/td><\/tr><tr><td>\u00c1rea sombreada:<\/td><td>De 9 m\u00b2 a 25 m\u00b2<\/td><\/tr><tr><td>Formas:<\/td><td>Quadrado, ret\u00e2ngulo e redondo<\/td><\/tr><\/tbody><\/table>\t\t\t\t\t\t\t\t<\/div>\n\t\t\t\t<\/div>\n\t\t\t\t<div class=\"elementor-element elementor-element-3ec3f5d2 sc_fly_static elementor-widget elementor-widget-trx_sc_button\" data-id=\"3ec3f5d2\" data-element_type=\"widget\" data-e-type=\"widget\" data-widget_type=\"trx_sc_button.default\">\n\t\t\t\t<div class=\"elementor-widget-container\">\n\t\t\t\t\t<div\tclass=\"sc_item_button sc_button_wrap sc_align_center\" ><a href=\"https:\/\/torrumbrellas.com\/pt\/torr-x-guarda-sol-grande\/\" class=\"sc_button sc_button_hover sc_button_size_normal sc_button_icon_left\" ><span class=\"sc_button_text\"><span class=\"sc_button_title\">Saiba mais<\/span><\/span><\/a><\/div>\t\t\t\t<\/div>\n\t\t\t\t<\/div>\n\t\t\t\t\t<\/div>\n\t\t<\/div>\n\t\t\t\t<div class=\"elementor-column elementor-col-50 elementor-top-column elementor-element elementor-element-639f72ab sc_inner_width_none sc_content_align_inherit sc_layouts_column_icons_position_left sc_fly_static\" data-id=\"639f72ab\" data-element_type=\"column\" data-e-type=\"column\">\n\t\t\t<div class=\"elementor-widget-wrap elementor-element-populated\">\n\t\t\t\t\t\t<div class=\"elementor-element elementor-element-4300237d sc_fly_static elementor-widget elementor-widget-image\" data-id=\"4300237d\" data-element_type=\"widget\" data-e-type=\"widget\" data-widget_type=\"image.default\">\n\t\t\t\t<div class=\"elementor-widget-container\">\n\t\t\t\t\t\t\t\t\t\t\t\t\t\t\t\t<a href=\"https:\/\/torrumbrellas.com\/pt\/torr-xl-guarda-sol-extra-grande\/\">\n\t\t\t\t\t\t\t<img decoding=\"async\" width=\"1024\" height=\"682\" src=\"https:\/\/torrumbrellas.com\/pt\/wp-content\/uploads\/sites\/9\/2023\/11\/commercial_parasols_2-torr-1024x682.jpg\" class=\"attachment-large size-large wp-image-23400\" alt=\"Torr Parasols\" srcset=\"https:\/\/torrumbrellas.com\/pt\/wp-content\/uploads\/sites\/9\/2023\/11\/commercial_parasols_2-torr-1024x682.jpg 1024w, https:\/\/torrumbrellas.com\/pt\/wp-content\/uploads\/sites\/9\/2023\/11\/commercial_parasols_2-torr-300x200.jpg 300w, https:\/\/torrumbrellas.com\/pt\/wp-content\/uploads\/sites\/9\/2023\/11\/commercial_parasols_2-torr-768x512.jpg 768w, https:\/\/torrumbrellas.com\/pt\/wp-content\/uploads\/sites\/9\/2023\/11\/commercial_parasols_2-torr-1536x1023.jpg 1536w, https:\/\/torrumbrellas.com\/pt\/wp-content\/uploads\/sites\/9\/2023\/11\/commercial_parasols_2-torr-370x247.jpg 370w, https:\/\/torrumbrellas.com\/pt\/wp-content\/uploads\/sites\/9\/2023\/11\/commercial_parasols_2-torr-840x560.jpg 840w, https:\/\/torrumbrellas.com\/pt\/wp-content\/uploads\/sites\/9\/2023\/11\/commercial_parasols_2-torr-410x273.jpg 410w, https:\/\/torrumbrellas.com\/pt\/wp-content\/uploads\/sites\/9\/2023\/11\/commercial_parasols_2-torr.jpg 1801w\" sizes=\"(max-width: 1024px) 100vw, 1024px\" \/>\t\t\t\t\t\t\t\t<\/a>\n\t\t\t\t\t\t\t\t\t\t\t\t\t\t\t<\/div>\n\t\t\t\t<\/div>\n\t\t\t\t<div class=\"elementor-element elementor-element-3f44e669 sc_fly_static elementor-widget elementor-widget-heading\" data-id=\"3f44e669\" data-element_type=\"widget\" data-e-type=\"widget\" data-widget_type=\"heading.default\">\n\t\t\t\t<div class=\"elementor-widget-container\">\n\t\t\t\t\t<h2 class=\"elementor-heading-title elementor-size-default\">TORR XL<\/h2>\t\t\t\t<\/div>\n\t\t\t\t<\/div>\n\t\t\t\t<div class=\"elementor-element elementor-element-2980855d sc_fly_static elementor-widget elementor-widget-text-editor\" data-id=\"2980855d\" data-element_type=\"widget\" data-e-type=\"widget\" data-widget_type=\"text-editor.default\">\n\t\t\t\t<div class=\"elementor-widget-container\">\n\t\t\t\t\t\t\t\t\t<p>O guarda-sol TORR extra grande adapta-se perfeitamente a \u00e1reas maiores e expostas, como as zonas costeiras e os terra\u00e7os nos telhados. Ideal para qualquer local comercial ao ar livre que apoie diferentes ind\u00fastrias, incluindo a hotelaria e os sectores privados.<\/p>\t\t\t\t\t\t\t\t<\/div>\n\t\t\t\t<\/div>\n\t\t\t\t<div class=\"elementor-element elementor-element-5eae104c sc_fly_static elementor-widget elementor-widget-text-editor\" data-id=\"5eae104c\" data-element_type=\"widget\" data-e-type=\"widget\" data-widget_type=\"text-editor.default\">\n\t\t\t\t<div class=\"elementor-widget-container\">\n\t\t\t\t\t\t\t\t\t<table class=\"ce-table stack \"><tbody><tr><td>Tamanhos:<\/td><td>De 5,0 m a 7,0 m<\/td><\/tr><tr><td>\u00c1rea sombreada:<\/td><td>De 25 m\u00b2 a 38 m\u00b2<\/td><\/tr><tr><td>Formas:<\/td><td>Quadrado, ret\u00e2ngulo e redondo<\/td><\/tr><\/tbody><\/table>\t\t\t\t\t\t\t\t<\/div>\n\t\t\t\t<\/div>\n\t\t\t\t<div class=\"elementor-element elementor-element-740be751 sc_fly_static elementor-widget elementor-widget-trx_sc_button\" data-id=\"740be751\" data-element_type=\"widget\" data-e-type=\"widget\" data-widget_type=\"trx_sc_button.default\">\n\t\t\t\t<div class=\"elementor-widget-container\">\n\t\t\t\t\t<div\tclass=\"sc_item_button sc_button_wrap sc_align_center\" ><a href=\"https:\/\/torrumbrellas.com\/pt\/torr-xl-guarda-sol-extra-grande\/\" class=\"sc_button sc_button_hover sc_button_size_normal sc_button_icon_left\" ><span class=\"sc_button_text\"><span class=\"sc_button_title\">Saiba mais<\/span><\/span><\/a><\/div>\t\t\t\t<\/div>\n\t\t\t\t<\/div>\n\t\t\t\t\t<\/div>\n\t\t<\/div>\n\t\t\t\t\t<\/div>\n\t\t<\/section>\n\t\t\t\t<\/div>\n\t\t","protected":false},"excerpt":{"rendered":"<p>TORR X O TORR X \u00e9 o nosso guarda-sol de grande porte e com um bra\u00e7o robusto que garante um investimento rent\u00e1vel durante muitos anos. Com um design cl\u00e1ssico, sofisticado&hellip;<\/p>\n","protected":false},"author":1,"featured_media":0,"parent":0,"menu_order":0,"comment_status":"closed","ping_status":"closed","template":"","meta":{"footnotes":""},"class_list":["post-2331","page","type-page","status-publish","hentry"],"acf":[],"_links":{"self":[{"href":"https:\/\/torrumbrellas.com\/pt\/wp-json\/wp\/v2\/pages\/2331","targetHints":{"allow":["GET"]}}],"collection":[{"href":"https:\/\/torrumbrellas.com\/pt\/wp-json\/wp\/v2\/pages"}],"about":[{"href":"https:\/\/torrumbrellas.com\/pt\/wp-json\/wp\/v2\/types\/page"}],"author":[{"embeddable":true,"href":"https:\/\/torrumbrellas.com\/pt\/wp-json\/wp\/v2\/users\/1"}],"replies":[{"embeddable":true,"href":"https:\/\/torrumbrellas.com\/pt\/wp-json\/wp\/v2\/comments?post=2331"}],"version-history":[{"count":17,"href":"https:\/\/torrumbrellas.com\/pt\/wp-json\/wp\/v2\/pages\/2331\/revisions"}],"predecessor-version":[{"id":23407,"href":"https:\/\/torrumbrellas.com\/pt\/wp-json\/wp\/v2\/pages\/2331\/revisions\/23407"}],"wp:attachment":[{"href":"https:\/\/torrumbrellas.com\/pt\/wp-json\/wp\/v2\/media?parent=2331"}],"curies":[{"name":"wp","href":"https:\/\/api.w.org\/{rel}","templated":true}]}}